{"id":83,"date":"2026-03-16T15:00:16","date_gmt":"2026-03-16T15:00:16","guid":{"rendered":"https:\/\/nititec-gripper.de\/?page_id=83"},"modified":"2026-03-24T16:01:26","modified_gmt":"2026-03-24T15:01:26","slug":"5-2","status":"publish","type":"page","link":"https:\/\/www.nititec-gripper.de\/en\/5-2\/","title":{"rendered":"Gripping solutions reimagined"},"content":{"rendered":"<h2 class=\"wp-block-heading\">With the G-VAC, we are developing a new generation of electric gripping systems for industrial automation.<\/h2>\n\n\n\n<p>Our current vacuum grippers already cover a wide range of applications \u2013 from smooth, solid components to flexible and porous materials.<\/p>\n\n\n\n<div class=\"wp-block-columns is-layout-flex wp-container-core-columns-is-layout-9d6595d7 wp-block-columns-is-layout-flex\">\n<div class=\"wp-block-column is-layout-flow wp-block-column-is-layout-flow\">\n<figure class=\"wp-block-image size-medium\"><img loading=\"lazy\" decoding=\"async\" width=\"300\" height=\"198\" src=\"https:\/\/nititec-gripper.de\/wp-content\/uploads\/2026\/03\/G-VAC-PS-aufweissmitschatten-300x198.jpg\" alt=\"\" class=\"wp-image-120\" srcset=\"\" sizes=\"auto, (max-width: 300px) 100vw, 300px\" data-srcset=\"\" \/><\/figure>\n\n\n\n<p><strong>For the G-VAC PS (for smooth, dense surfaces):<\/strong><\/p>\n\n\n\n<p>Light as a feather and compact thanks to a high-tech drive inside, for the safe handling of smooth and solid workpieces made of metal, glass, or plastic<\/p>\n<\/div>\n\n\n\n<div class=\"wp-block-column is-layout-flow wp-block-column-is-layout-flow\">\n<figure class=\"wp-block-image size-medium\"><img loading=\"lazy\" decoding=\"async\" width=\"300\" height=\"198\" src=\"https:\/\/nititec-gripper.de\/wp-content\/uploads\/2026\/03\/G-VAC-AS-aufweissmitschatten-300x198.jpg\" alt=\"\" class=\"wp-image-121\" srcset=\"\" sizes=\"auto, (max-width: 300px) 100vw, 300px\" data-srcset=\"\" \/><\/figure>\n\n\n\n<p><strong>For the G-VAC AS (for porous or flexible materials):<\/strong><\/p>\n\n\n\n<p>Extremely powerful and fast vacuum generation for absolutely secure holding of flexible or porous materials such as cardboard, wood, or films.<\/p>\n<\/div>\n<\/div>","protected":false},"excerpt":{"rendered":"<p>Mit dem G-VAC entwickeln wir eine neue Generation elektrischer Greifsysteme f\u00fcr die industrielle Automation. Unsere aktuellen Vakuumgreifer decken bereits ein breites Spektrum an Anwendungen ab \u2013 von glatten Bauteilen bis zu flexiblen und por\u00f6sen Materialien. G-VAC PS Federleicht und kompakt durch High-Tech-Antrieb im Inneren f\u00fcr das sichere Handling von glatten Werkst\u00fccken aus Metall, Glass oder &hellip; <\/p>\n<p class=\"link-more\"><a href=\"https:\/\/www.nititec-gripper.de\/en\/5-2\/\" class=\"more-link\">Continue reading<span class=\"screen-reader-text\"> &#8222;Greifl\u00f6sungen neu gedacht&#8220;<\/span><\/a><\/p>","protected":false},"author":1,"featured_media":500,"parent":0,"menu_order":0,"comment_status":"closed","ping_status":"closed","template":"","meta":{"content-type":"","om_disable_all_campaigns":false,"_monsterinsights_skip_tracking":false,"_monsterinsights_sitenote_active":false,"_monsterinsights_sitenote_note":"","_monsterinsights_sitenote_category":0,"footnotes":""},"class_list":["post-83","page","type-page","status-publish","has-post-thumbnail","hentry"],"aioseo_notices":[],"_links":{"self":[{"href":"https:\/\/www.nititec-gripper.de\/en\/wp-json\/wp\/v2\/pages\/83","targetHints":{"allow":["GET"]}}],"collection":[{"href":"https:\/\/www.nititec-gripper.de\/en\/wp-json\/wp\/v2\/pages"}],"about":[{"href":"https:\/\/www.nititec-gripper.de\/en\/wp-json\/wp\/v2\/types\/page"}],"author":[{"embeddable":true,"href":"https:\/\/www.nititec-gripper.de\/en\/wp-json\/wp\/v2\/users\/1"}],"replies":[{"embeddable":true,"href":"https:\/\/www.nititec-gripper.de\/en\/wp-json\/wp\/v2\/comments?post=83"}],"version-history":[{"count":14,"href":"https:\/\/www.nititec-gripper.de\/en\/wp-json\/wp\/v2\/pages\/83\/revisions"}],"predecessor-version":[{"id":485,"href":"https:\/\/www.nititec-gripper.de\/en\/wp-json\/wp\/v2\/pages\/83\/revisions\/485"}],"wp:featuredmedia":[{"embeddable":true,"href":"https:\/\/www.nititec-gripper.de\/en\/wp-json\/wp\/v2\/media\/500"}],"wp:attachment":[{"href":"https:\/\/www.nititec-gripper.de\/en\/wp-json\/wp\/v2\/media?parent=83"}],"curies":[{"name":"wp","href":"https:\/\/api.w.org\/{rel}","templated":true}]}}