{"id":75,"date":"2026-03-16T14:58:40","date_gmt":"2026-03-16T14:58:40","guid":{"rendered":"https:\/\/nititec-gripper.de\/?page_id=75"},"modified":"2026-03-24T16:00:25","modified_gmt":"2026-03-24T15:00:25","slug":"3-2","status":"publish","type":"page","link":"https:\/\/www.nititec-gripper.de\/en\/3-2\/","title":{"rendered":"The technology"},"content":{"rendered":"<h2 class=\"wp-block-heading\" id=\"a2\">The G-VAC generates vacuum electrically \u2013 directly within the gripper.<\/h2>\n\n\n\n<p>Unlike classic solutions with Venturi nozzles or integrated vacuum pumps, the G-VAC PS <strong>completely without compressed air system and without a pump.<\/strong> Australia.<\/p>\n\n\n\n<p>Inside, shape memory actuators made of nickel-titanium are working.<br>These micrometer-thin wires undergo a minimal change in length when electrically activated, mechanically generating the vacuum.<\/p>\n\n\n\n<h3 class=\"wp-block-heading\"><strong>No compressed air systrem. No pump.<\/strong><\/h3>\n\n\n\n<ul class=\"wp-block-list\">\n<li><strong>No <\/strong>compressor<\/li>\n\n\n\n<li><strong>No<\/strong> Venturi nozzles<\/li>\n\n\n\n<li><strong>No <\/strong>compressed air lines<\/li>\n\n\n\n<li><strong>No <\/strong>vacuum pump<\/li>\n<\/ul>\n\n\n\n<p><strong>Just one electrical connection.<\/strong><\/p>\n\n\n\n<figure class=\"wp-block-image size-full\"><img loading=\"lazy\" decoding=\"async\" width=\"30\" height=\"30\" src=\"http:\/\/nititec-gripper.de\/wp-content\/uploads\/2026\/03\/arrow-down.gif\" alt=\"\" class=\"wp-image-237\"\/><\/figure>\n\n\n\n<p><\/p>","protected":false},"excerpt":{"rendered":"<p>Der G-VAC erzeugt Vakuum elektrisch \u2013 direkt im Greifer. Im Gegensatz zu klassischen L\u00f6sungen mit Venturi-D\u00fcsen oder integrierten Vakuumpumpen kommt der G-VAC PS vollst\u00e4ndig ohne Druckluftsystem und ohne Pumpe aus. Im Inneren arbeiten Formged\u00e4chtnis-Aktoren aus Nickel-Titan.Diese mikrometerd\u00fcnnen Dr\u00e4hte ver\u00e4ndern bei elektrischer Aktivierung minimal ihre L\u00e4nge und erzeugen mechanisch das Vakuum. Kein Druckluftsystem. Keine Pumpe. Nur &hellip; <\/p>\n<p class=\"link-more\"><a href=\"https:\/\/www.nititec-gripper.de\/en\/3-2\/\" class=\"more-link\">Continue reading<span class=\"screen-reader-text\"> &#8222;Die Technologie&#8220;<\/span><\/a><\/p>","protected":false},"author":1,"featured_media":498,"parent":0,"menu_order":0,"comment_status":"closed","ping_status":"closed","template":"","meta":{"content-type":"","om_disable_all_campaigns":false,"_monsterinsights_skip_tracking":false,"_monsterinsights_sitenote_active":false,"_monsterinsights_sitenote_note":"","_monsterinsights_sitenote_category":0,"footnotes":""},"class_list":["post-75","page","type-page","status-publish","has-post-thumbnail","hentry"],"aioseo_notices":[],"_links":{"self":[{"href":"https:\/\/www.nititec-gripper.de\/en\/wp-json\/wp\/v2\/pages\/75","targetHints":{"allow":["GET"]}}],"collection":[{"href":"https:\/\/www.nititec-gripper.de\/en\/wp-json\/wp\/v2\/pages"}],"about":[{"href":"https:\/\/www.nititec-gripper.de\/en\/wp-json\/wp\/v2\/types\/page"}],"author":[{"embeddable":true,"href":"https:\/\/www.nititec-gripper.de\/en\/wp-json\/wp\/v2\/users\/1"}],"replies":[{"embeddable":true,"href":"https:\/\/www.nititec-gripper.de\/en\/wp-json\/wp\/v2\/comments?post=75"}],"version-history":[{"count":11,"href":"https:\/\/www.nititec-gripper.de\/en\/wp-json\/wp\/v2\/pages\/75\/revisions"}],"predecessor-version":[{"id":473,"href":"https:\/\/www.nititec-gripper.de\/en\/wp-json\/wp\/v2\/pages\/75\/revisions\/473"}],"wp:featuredmedia":[{"embeddable":true,"href":"https:\/\/www.nititec-gripper.de\/en\/wp-json\/wp\/v2\/media\/498"}],"wp:attachment":[{"href":"https:\/\/www.nititec-gripper.de\/en\/wp-json\/wp\/v2\/media?parent=75"}],"curies":[{"name":"wp","href":"https:\/\/api.w.org\/{rel}","templated":true}]}}