{"id":71,"date":"2026-03-16T14:56:47","date_gmt":"2026-03-16T14:56:47","guid":{"rendered":"https:\/\/nititec-gripper.de\/?page_id=71"},"modified":"2026-04-16T15:42:50","modified_gmt":"2026-04-16T13:42:50","slug":"2-2","status":"publish","type":"page","link":"https:\/\/www.nititec-gripper.de\/en\/2-2\/","title":{"rendered":"The problem with compressed air"},"content":{"rendered":"<h2 class=\"wp-block-heading\" id=\"a1\">Most vacuum grippers in industry operate using compressed air.<\/h2>\n\n\n\n<p>This means compressors, Venturi nozzles, valves, and hoses. A complex infrastructure just for gripping a single component.<\/p>\n\n\n\n<p>compressed air belongs simultaneously to the <strong>most expensive forms of energy<\/strong> in production.<br><strong>Leaks, continuous consumption, and maintenance<\/strong> drive energy and operating costs up.<\/p>\n\n\n\n<p>Nevertheless, this principle has been considered standard for decades.<\/p>\n\n\n\n<figure class=\"wp-block-image size-full\"><img loading=\"lazy\" decoding=\"async\" width=\"30\" height=\"30\" src=\"http:\/\/nititec-gripper.de\/wp-content\/uploads\/2026\/03\/arrow-down.gif\" alt=\"\" class=\"wp-image-237\"\/><\/figure>\n\n\n\n<p><\/p>","protected":false},"excerpt":{"rendered":"<p>Die meisten Vakuumgreifer in der Industrie arbeiten mit Druckluft. Das bedeutet Kompressoren, Venturi-D\u00fcsen, Ventile und Schl\u00e4uche. Eine komplexe Infrastruktur nur f\u00fcr das Greifen eines Bauteils. Druckluft geh\u00f6rt gleichzeitig zu den teuersten Energieformen in der Produktion.Leckagen, Dauerverbrauch und Wartung treiben Energie- und Betriebskosten nach oben. Trotzdem gilt dieses Prinzip seit Jahrzehnten als Standard.<\/p>","protected":false},"author":1,"featured_media":497,"parent":0,"menu_order":0,"comment_status":"closed","ping_status":"closed","template":"","meta":{"content-type":"","om_disable_all_campaigns":false,"_monsterinsights_skip_tracking":false,"_monsterinsights_sitenote_active":false,"_monsterinsights_sitenote_note":"","_monsterinsights_sitenote_category":0,"footnotes":""},"class_list":["post-71","page","type-page","status-publish","has-post-thumbnail","hentry"],"aioseo_notices":[],"_links":{"self":[{"href":"https:\/\/www.nititec-gripper.de\/en\/wp-json\/wp\/v2\/pages\/71","targetHints":{"allow":["GET"]}}],"collection":[{"href":"https:\/\/www.nititec-gripper.de\/en\/wp-json\/wp\/v2\/pages"}],"about":[{"href":"https:\/\/www.nititec-gripper.de\/en\/wp-json\/wp\/v2\/types\/page"}],"author":[{"embeddable":true,"href":"https:\/\/www.nititec-gripper.de\/en\/wp-json\/wp\/v2\/users\/1"}],"replies":[{"embeddable":true,"href":"https:\/\/www.nititec-gripper.de\/en\/wp-json\/wp\/v2\/comments?post=71"}],"version-history":[{"count":17,"href":"https:\/\/www.nititec-gripper.de\/en\/wp-json\/wp\/v2\/pages\/71\/revisions"}],"predecessor-version":[{"id":702,"href":"https:\/\/www.nititec-gripper.de\/en\/wp-json\/wp\/v2\/pages\/71\/revisions\/702"}],"wp:featuredmedia":[{"embeddable":true,"href":"https:\/\/www.nititec-gripper.de\/en\/wp-json\/wp\/v2\/media\/497"}],"wp:attachment":[{"href":"https:\/\/www.nititec-gripper.de\/en\/wp-json\/wp\/v2\/media?parent=71"}],"curies":[{"name":"wp","href":"https:\/\/api.w.org\/{rel}","templated":true}]}}