{"id":69,"date":"2026-03-16T14:56:06","date_gmt":"2026-03-16T14:56:06","guid":{"rendered":"https:\/\/nititec-gripper.de\/?page_id=69"},"modified":"2026-03-24T10:16:20","modified_gmt":"2026-03-24T09:16:20","slug":"1-2","status":"publish","type":"page","link":"https:\/\/www.nititec-gripper.de\/en\/","title":{"rendered":"Vacuum gripping without compressed air"},"content":{"rendered":"<h2 class=\"wp-block-heading\">Electric gripping systems for industrial automation.<\/h2>\n\n\n\n<p>The nititec G-VAC replaces pneumatic vacuum grippers with a fully electric solution \u2013 no compressor, no Venturi nozzles, and no compressed air infrastructure.<\/p>\n\n\n\n<p><strong>Less energy.<br>Less plant complexity.<br>More design freedom.<\/strong><\/p>\n\n\n\n<figure class=\"wp-block-image size-full is-resized\"><img loading=\"lazy\" decoding=\"async\" width=\"30\" height=\"30\" src=\"http:\/\/nititec-gripper.de\/wp-content\/uploads\/2026\/03\/arrow-down.gif\" alt=\"\" class=\"wp-image-237\" style=\"width:30px;height:auto\"\/><\/figure>\n\n\n\n<p><\/p>","protected":false},"excerpt":{"rendered":"<p>Elektrische Greifsysteme f\u00fcr die industrielle Automation. Der nititec G-VAC ersetzt pneumatische Vakuumgreifer durch eine vollst\u00e4ndig elektrische L\u00f6sung \u2013 ohne Kompressor, ohne Venturi-D\u00fcsen und ohne Druckluftinfrastruktur. Weniger Energie.Weniger Anlagenkomplexit\u00e4t.Mehr Freiheit in der Konstruktion.<\/p>","protected":false},"author":1,"featured_media":0,"parent":0,"menu_order":0,"comment_status":"closed","ping_status":"closed","template":"","meta":{"content-type":"","footnotes":""},"class_list":["post-69","page","type-page","status-publish","hentry"],"yoast_head":"<!-- This site is optimized with the Yoast SEO plugin v27.4 - https:\/\/yoast.com\/product\/yoast-seo-wordpress\/ -->\n<title>Vakuumgreifen ohne Druckluft - nititec vacuum gripper<\/title>\n<meta name=\"robots\" content=\"index, follow, max-snippet:-1, max-image-preview:large, max-video-preview:-1\" \/>\n<link rel=\"canonical\" href=\"https:\/\/www.nititec-gripper.de\/en\/\" \/>\n<meta property=\"og:locale\" content=\"en_US\" \/>\n<meta property=\"og:type\" content=\"article\" \/>\n<meta property=\"og:title\" content=\"Vakuumgreifen ohne Druckluft - nititec vacuum gripper\" \/>\n<meta property=\"og:description\" content=\"Elektrische Greifsysteme f\u00fcr die industrielle Automation. Der nititec G-VAC ersetzt pneumatische Vakuumgreifer durch eine vollst\u00e4ndig elektrische L\u00f6sung \u2013 ohne Kompressor, ohne Venturi-D\u00fcsen und ohne Druckluftinfrastruktur. Weniger Energie.Weniger Anlagenkomplexit\u00e4t.Mehr Freiheit in der Konstruktion.\" \/>\n<meta property=\"og:url\" content=\"https:\/\/www.nititec-gripper.de\/en\/\" \/>\n<meta property=\"og:site_name\" content=\"nititec vacuum gripper\" \/>\n<meta property=\"article:modified_time\" content=\"2026-03-24T09:16:20+00:00\" \/>\n<meta property=\"og:image\" content=\"https:\/\/www.nititec-gripper.de\/wp-content\/uploads\/2026\/03\/arrow-down.gif?wsr\" \/>\n\t<meta property=\"og:image:width\" content=\"30\" \/>\n\t<meta property=\"og:image:height\" content=\"30\" \/>\n\t<meta property=\"og:image:type\" content=\"image\/gif\" \/>\n<meta name=\"twitter:card\" content=\"summary_large_image\" \/>\n<script type=\"application\/ld+json\" class=\"yoast-schema-graph\">{\"@context\":\"https:\\\/\\\/schema.org\",\"@graph\":[{\"@type\":\"WebPage\",\"@id\":\"https:\\\/\\\/www.nititec-gripper.de\\\/\",\"url\":\"https:\\\/\\\/www.nititec-gripper.de\\\/\",\"name\":\"Vakuumgreifen ohne Druckluft - nititec vacuum gripper\",\"isPartOf\":{\"@id\":\"https:\\\/\\\/www.nititec-gripper.de\\\/#website\"},\"primaryImageOfPage\":{\"@id\":\"https:\\\/\\\/www.nititec-gripper.de\\\/#primaryimage\"},\"image\":{\"@id\":\"https:\\\/\\\/www.nititec-gripper.de\\\/#primaryimage\"},\"thumbnailUrl\":\"http:\\\/\\\/nititec-gripper.de\\\/wp-content\\\/uploads\\\/2026\\\/03\\\/arrow-down.gif\",\"datePublished\":\"2026-03-16T14:56:06+00:00\",\"dateModified\":\"2026-03-24T09:16:20+00:00\",\"breadcrumb\":{\"@id\":\"https:\\\/\\\/www.nititec-gripper.de\\\/#breadcrumb\"},\"inLanguage\":\"en-US\",\"potentialAction\":[{\"@type\":\"ReadAction\",\"target\":[\"https:\\\/\\\/www.nititec-gripper.de\\\/\"]}]},{\"@type\":\"ImageObject\",\"inLanguage\":\"en-US\",\"@id\":\"https:\\\/\\\/www.nititec-gripper.de\\\/#primaryimage\",\"url\":\"http:\\\/\\\/nititec-gripper.de\\\/wp-content\\\/uploads\\\/2026\\\/03\\\/arrow-down.gif\",\"contentUrl\":\"http:\\\/\\\/nititec-gripper.de\\\/wp-content\\\/uploads\\\/2026\\\/03\\\/arrow-down.gif\"},{\"@type\":\"BreadcrumbList\",\"@id\":\"https:\\\/\\\/www.nititec-gripper.de\\\/#breadcrumb\",\"itemListElement\":[{\"@type\":\"ListItem\",\"position\":1,\"name\":\"Start\",\"item\":\"https:\\\/\\\/www.nititec-gripper.de\\\/\"},{\"@type\":\"ListItem\",\"position\":2,\"name\":\"Vakuumgreifen ohne Druckluft\"}]},{\"@type\":\"WebSite\",\"@id\":\"https:\\\/\\\/www.nititec-gripper.de\\\/#website\",\"url\":\"https:\\\/\\\/www.nititec-gripper.de\\\/\",\"name\":\"nititec vacuum gripper\",\"description\":\"Vakuumgreifen ohne Druckluft\",\"publisher\":{\"@id\":\"https:\\\/\\\/www.nititec-gripper.de\\\/#organization\"},\"potentialAction\":[{\"@type\":\"SearchAction\",\"target\":{\"@type\":\"EntryPoint\",\"urlTemplate\":\"https:\\\/\\\/www.nititec-gripper.de\\\/?s={search_term_string}\"},\"query-input\":{\"@type\":\"PropertyValueSpecification\",\"valueRequired\":true,\"valueName\":\"search_term_string\"}}],\"inLanguage\":\"en-US\"},{\"@type\":\"Organization\",\"@id\":\"https:\\\/\\\/www.nititec-gripper.de\\\/#organization\",\"name\":\"nititec vacuum gripper\",\"url\":\"https:\\\/\\\/www.nititec-gripper.de\\\/\",\"logo\":{\"@type\":\"ImageObject\",\"inLanguage\":\"en-US\",\"@id\":\"https:\\\/\\\/www.nititec-gripper.de\\\/#\\\/schema\\\/logo\\\/image\\\/\",\"url\":\"https:\\\/\\\/www.nititec-gripper.de\\\/wp-content\\\/uploads\\\/2026\\\/03\\\/logo-startseite.png?wsr\",\"contentUrl\":\"https:\\\/\\\/www.nititec-gripper.de\\\/wp-content\\\/uploads\\\/2026\\\/03\\\/logo-startseite.png?wsr\",\"width\":300,\"height\":450,\"caption\":\"nititec vacuum gripper\"},\"image\":{\"@id\":\"https:\\\/\\\/www.nititec-gripper.de\\\/#\\\/schema\\\/logo\\\/image\\\/\"},\"sameAs\":[\"https:\\\/\\\/www.linkedin.com\\\/company\\\/nititec-gripper\\\/\"]}]}<\/script>\n<!-- \/ Yoast SEO plugin. -->","yoast_head_json":{"title":"Vakuumgreifen ohne Druckluft - nititec vacuum gripper","robots":{"index":"index","follow":"follow","max-snippet":"max-snippet:-1","max-image-preview":"max-image-preview:large","max-video-preview":"max-video-preview:-1"},"canonical":"https:\/\/www.nititec-gripper.de\/en\/","og_locale":"en_US","og_type":"article","og_title":"Vakuumgreifen ohne Druckluft - nititec vacuum gripper","og_description":"Elektrische Greifsysteme f\u00fcr die industrielle Automation. Der nititec G-VAC ersetzt pneumatische Vakuumgreifer durch eine vollst\u00e4ndig elektrische L\u00f6sung \u2013 ohne Kompressor, ohne Venturi-D\u00fcsen und ohne Druckluftinfrastruktur. Weniger Energie.Weniger Anlagenkomplexit\u00e4t.Mehr Freiheit in der Konstruktion.","og_url":"https:\/\/www.nititec-gripper.de\/en\/","og_site_name":"nititec vacuum gripper","article_modified_time":"2026-03-24T09:16:20+00:00","og_image":[{"width":30,"height":30,"url":"https:\/\/www.nititec-gripper.de\/wp-content\/uploads\/2026\/03\/arrow-down.gif?wsr","type":"image\/gif"}],"twitter_card":"summary_large_image","schema":{"@context":"https:\/\/schema.org","@graph":[{"@type":"WebPage","@id":"https:\/\/www.nititec-gripper.de\/","url":"https:\/\/www.nititec-gripper.de\/","name":"Vakuumgreifen ohne Druckluft - nititec vacuum gripper","isPartOf":{"@id":"https:\/\/www.nititec-gripper.de\/#website"},"primaryImageOfPage":{"@id":"https:\/\/www.nititec-gripper.de\/#primaryimage"},"image":{"@id":"https:\/\/www.nititec-gripper.de\/#primaryimage"},"thumbnailUrl":"http:\/\/nititec-gripper.de\/wp-content\/uploads\/2026\/03\/arrow-down.gif","datePublished":"2026-03-16T14:56:06+00:00","dateModified":"2026-03-24T09:16:20+00:00","breadcrumb":{"@id":"https:\/\/www.nititec-gripper.de\/#breadcrumb"},"inLanguage":"en-US","potentialAction":[{"@type":"ReadAction","target":["https:\/\/www.nititec-gripper.de\/"]}]},{"@type":"ImageObject","inLanguage":"en-US","@id":"https:\/\/www.nititec-gripper.de\/#primaryimage","url":"http:\/\/nititec-gripper.de\/wp-content\/uploads\/2026\/03\/arrow-down.gif","contentUrl":"http:\/\/nititec-gripper.de\/wp-content\/uploads\/2026\/03\/arrow-down.gif"},{"@type":"BreadcrumbList","@id":"https:\/\/www.nititec-gripper.de\/#breadcrumb","itemListElement":[{"@type":"ListItem","position":1,"name":"Start","item":"https:\/\/www.nititec-gripper.de\/"},{"@type":"ListItem","position":2,"name":"Vakuumgreifen ohne Druckluft"}]},{"@type":"WebSite","@id":"https:\/\/www.nititec-gripper.de\/#website","url":"https:\/\/www.nititec-gripper.de\/","name":"Nititec vacuum gripper","description":"Vacuum gripping without compressed air","publisher":{"@id":"https:\/\/www.nititec-gripper.de\/#organization"},"potentialAction":[{"@type":"SearchAction","target":{"@type":"EntryPoint","urlTemplate":"https:\/\/www.nititec-gripper.de\/?s={search_term_string}"},"query-input":{"@type":"PropertyValueSpecification","valueRequired":true,"valueName":"search_term_string"}}],"inLanguage":"en-US"},{"@type":"Organization","@id":"https:\/\/www.nititec-gripper.de\/#organization","name":"Nititec vacuum gripper","url":"https:\/\/www.nititec-gripper.de\/","logo":{"@type":"ImageObject","inLanguage":"en-US","@id":"https:\/\/www.nititec-gripper.de\/#\/schema\/logo\/image\/","url":"https:\/\/www.nititec-gripper.de\/wp-content\/uploads\/2026\/03\/logo-startseite.png?wsr","contentUrl":"https:\/\/www.nititec-gripper.de\/wp-content\/uploads\/2026\/03\/logo-startseite.png?wsr","width":300,"height":450,"caption":"nititec vacuum gripper"},"image":{"@id":"https:\/\/www.nititec-gripper.de\/#\/schema\/logo\/image\/"},"sameAs":["https:\/\/www.linkedin.com\/company\/nititec-gripper\/"]}]}},"_links":{"self":[{"href":"https:\/\/www.nititec-gripper.de\/en\/wp-json\/wp\/v2\/pages\/69","targetHints":{"allow":["GET"]}}],"collection":[{"href":"https:\/\/www.nititec-gripper.de\/en\/wp-json\/wp\/v2\/pages"}],"about":[{"href":"https:\/\/www.nititec-gripper.de\/en\/wp-json\/wp\/v2\/types\/page"}],"author":[{"embeddable":true,"href":"https:\/\/www.nititec-gripper.de\/en\/wp-json\/wp\/v2\/users\/1"}],"replies":[{"embeddable":true,"href":"https:\/\/www.nititec-gripper.de\/en\/wp-json\/wp\/v2\/comments?post=69"}],"version-history":[{"count":7,"href":"https:\/\/www.nititec-gripper.de\/en\/wp-json\/wp\/v2\/pages\/69\/revisions"}],"predecessor-version":[{"id":466,"href":"https:\/\/www.nititec-gripper.de\/en\/wp-json\/wp\/v2\/pages\/69\/revisions\/466"}],"wp:attachment":[{"href":"https:\/\/www.nititec-gripper.de\/en\/wp-json\/wp\/v2\/media?parent=69"}],"curies":[{"name":"wp","href":"https:\/\/api.w.org\/{rel}","templated":true}]}}