{"id":48,"date":"2026-03-16T14:15:04","date_gmt":"2026-03-16T14:15:04","guid":{"rendered":"https:\/\/nititec-gripper.de\/?page_id=48"},"modified":"2026-04-16T11:52:53","modified_gmt":"2026-04-16T09:52:53","slug":"legacy-notice","status":"publish","type":"page","link":"https:\/\/www.nititec-gripper.de\/en\/legacy-notice\/","title":{"rendered":"Legal notice"},"content":{"rendered":"<p>Information pursuant to Section 5 of the German Data Protection Act (DDG)<\/p>\n\n\n\n<p>nititec vacuum gripper GmbH<br>Eschberger Weg 46<br>66121 Saarbr\u00fccken, Germany<br>Germany<\/p>\n\n\n\n<p>Phone: +49 162 6750576<br>E-Mail: <a href=\"mailto:info@nititec-gripper.de\">info@nititec-gripper.de<\/a><\/p>\n\n\n\n<p>Represented by the managing directors:<br>Yannik Goergen<\/p>\n\n\n\n<p>Registration details:<br>Entry in the Commercial Register<br>Register court: Saarbr\u00fccken<br>Registration number: HRB 111502<\/p>\n\n\n\n<p>VAT ID pursuant to Section 27a of the German VAT Act (UStG): DE343763184<\/p>\n\n\n\n<h3 class=\"wp-block-heading\">Responsible for content pursuant to \u00a7 18(2) MStV:<\/h3>\n\n\n\n<p>Yannik Goergen<br>Eschberger Weg 46<br>66121 Saarbr\u00fccken, Germany<\/p>","protected":false},"excerpt":{"rendered":"<p>Angaben gem\u00e4\u00df \u00a7 5 DDG nititec vacuum gripper GmbHEschberger Weg 46D-66121 Saarbr\u00fcckenDeutschland Telefon: +49 162 6750576Email: info@nititec-gripper.de Vertreten durch die Gesch\u00e4ftsf\u00fchrer:Yannik Goergen Registereintrag:Eintragung im HandelsregisterRegistergericht: Saarbr\u00fcckenRegisternummer: HRB 111502 Umsatzsteuer-ID gem\u00e4\u00df \u00a7 27a UStG: DE343763184 Verantwortlich f\u00fcr den Inhalt nach \u00a7 18 Abs. 2 MStV: Yannik GoergenEschberger Weg 46D-66121 Saarbr\u00fccken<\/p>","protected":false},"author":1,"featured_media":0,"parent":0,"menu_order":0,"comment_status":"closed","ping_status":"closed","template":"","meta":{"content-type":"","om_disable_all_campaigns":false,"_monsterinsights_skip_tracking":false,"_monsterinsights_sitenote_active":false,"_monsterinsights_sitenote_note":"","_monsterinsights_sitenote_category":0,"footnotes":""},"class_list":["post-48","page","type-page","status-publish","hentry"],"aioseo_notices":[],"_links":{"self":[{"href":"https:\/\/www.nititec-gripper.de\/en\/wp-json\/wp\/v2\/pages\/48","targetHints":{"allow":["GET"]}}],"collection":[{"href":"https:\/\/www.nititec-gripper.de\/en\/wp-json\/wp\/v2\/pages"}],"about":[{"href":"https:\/\/www.nititec-gripper.de\/en\/wp-json\/wp\/v2\/types\/page"}],"author":[{"embeddable":true,"href":"https:\/\/www.nititec-gripper.de\/en\/wp-json\/wp\/v2\/users\/1"}],"replies":[{"embeddable":true,"href":"https:\/\/www.nititec-gripper.de\/en\/wp-json\/wp\/v2\/comments?post=48"}],"version-history":[{"count":5,"href":"https:\/\/www.nititec-gripper.de\/en\/wp-json\/wp\/v2\/pages\/48\/revisions"}],"predecessor-version":[{"id":667,"href":"https:\/\/www.nititec-gripper.de\/en\/wp-json\/wp\/v2\/pages\/48\/revisions\/667"}],"wp:attachment":[{"href":"https:\/\/www.nititec-gripper.de\/en\/wp-json\/wp\/v2\/media?parent=48"}],"curies":[{"name":"wp","href":"https:\/\/api.w.org\/{rel}","templated":true}]}}