{"id":41,"date":"2026-03-16T14:13:39","date_gmt":"2026-03-16T14:13:39","guid":{"rendered":"https:\/\/nititec-gripper.de\/?page_id=41"},"modified":"2026-04-16T11:53:45","modified_gmt":"2026-04-16T09:53:45","slug":"products","status":"publish","type":"page","link":"https:\/\/www.nititec-gripper.de\/en\/products\/","title":{"rendered":"Products"},"content":{"rendered":"<h1 class=\"wp-block-heading\">Electric Vacuum Grippers for Industrial Automation<\/h1>\n\n\n\n<p>The current G-VAC models cover a wide range of material requirements\u2014from smooth, solid surfaces to flexible and porous materials.<\/p>\n\n\n\n<p>All grippers operate entirely  without compressed air.<\/p>\n\n\n\n<h3 class=\"wp-block-heading\">For the G-VAC PS (for smooth, dense surfaces):<\/h3>\n\n\n<div class=\"wp-block-image image-left\">\n<figure class=\"alignleft size-large\"><img loading=\"lazy\" decoding=\"async\" width=\"1024\" height=\"677\" src=\"https:\/\/nititec-gripper.de\/wp-content\/uploads\/2026\/03\/G-VAC-PS-aufweissmitschatten-1024x677.jpg\" alt=\"\" class=\"wp-image-120\" srcset=\"\" sizes=\"auto, (max-width: 767px) 89vw, (max-width: 1000px) 54vw, (max-width: 1071px) 543px, 580px\" data-srcset=\"\" \/><\/figure>\n<\/div>\n\n\n<p><strong>For pneumatic-free gripping or fixing of rigid and smooth workpieces, such as:<\/strong><\/p>\n\n\n\n<ul class=\"wp-block-list\">\n<li>Metal parts<\/li>\n\n\n\n<li>Glass panels<\/li>\n\n\n\n<li>Plastic components<\/li>\n\n\n\n<li>Coated wood panels<\/li>\n<\/ul>\n\n\n\n<p><strong>System Properties<\/strong><\/p>\n\n\n\n<ul class=\"wp-block-list\">\n<li>Passive suction without active vacuum generation<\/li>\n\n\n\n<li>Hold without power<\/li>\n\n\n\n<li>Fail-safe principle: no release in the event of a power failure<\/li>\n\n\n\n<li>Integrated acceleration and vacuum sensors<\/li>\n\n\n\n<li>Status and diagnostic signals for predictive maintenance<\/li>\n\n\n\n<li>virtually silent operation<\/li>\n\n\n\n<li>Use of all commercially available suction cups<\/li>\n\n\n\n<li>Compatible with all common fieldbus systems <br>(e.g., Profinet, IO-Link)<\/li>\n\n\n\n<li>Payload up to 5 kg<\/li>\n<\/ul>\n\n\n\n<div class=\"wp-block-group\"><div class=\"wp-block-group__inner-container is-layout-constrained wp-block-group-is-layout-constrained\">\n<div class=\"wp-block-columns is-layout-flex wp-container-core-columns-is-layout-9d6595d7 wp-block-columns-is-layout-flex\">\n<div class=\"wp-block-column is-layout-flow wp-block-column-is-layout-flow\" style=\"flex-basis:5%\">\n<figure class=\"wp-block-image size-full\"><img loading=\"lazy\" decoding=\"async\" width=\"30\" height=\"30\" src=\"https:\/\/nititec-gripper.de\/wp-content\/uploads\/2026\/03\/download.gif\" alt=\"\" class=\"wp-image-279\"\/><\/figure>\n<\/div>\n\n\n\n<div class=\"wp-block-column is-layout-flow wp-block-column-is-layout-flow\" style=\"flex-basis:95%\">\n<p><a href=\"http:\/\/nititec-gripper.de\/wp-content\/uploads\/2026\/03\/G-VAC-PS.pdf\" target=\"_blank\" rel=\"noreferrer noopener\">Download Flyer<\/a><\/p>\n<\/div>\n<\/div>\n<\/div><\/div>\n\n\n\n<h3 class=\"wp-block-heading\">For the G-VAC AS (for porous or flexible materials):<\/h3>\n\n\n<div class=\"wp-block-image image-left\">\n<figure class=\"alignleft size-large\"><img loading=\"lazy\" decoding=\"async\" width=\"1024\" height=\"677\" src=\"https:\/\/www.nititec-gripper.de\/wp-content\/uploads\/2026\/03\/G-VAC-AS-aufweissmitschatten-scaled.jpg\" alt=\"\" class=\"wp-image-121\" srcset=\"https:\/\/www.nititec-gripper.de\/wp-content\/uploads\/2026\/03\/G-VAC-AS-aufweissmitschatten-scaled.jpg 2560w, https:\/\/www.nititec-gripper.de\/wp-content\/uploads\/2026\/03\/G-VAC-AS-aufweissmitschatten-300x198.jpg 300w, https:\/\/www.nititec-gripper.de\/wp-content\/uploads\/2026\/03\/G-VAC-AS-aufweissmitschatten-1024x677.jpg 1024w, https:\/\/www.nititec-gripper.de\/wp-content\/uploads\/2026\/03\/G-VAC-AS-aufweissmitschatten-768x508.jpg 768w, https:\/\/www.nititec-gripper.de\/wp-content\/uploads\/2026\/03\/G-VAC-AS-aufweissmitschatten-1536x1016.jpg 1536w, https:\/\/www.nititec-gripper.de\/wp-content\/uploads\/2026\/03\/G-VAC-AS-aufweissmitschatten-2048x1354.jpg 2048w\" sizes=\"auto, (max-width: 767px) 89vw, (max-width: 1000px) 54vw, (max-width: 1071px) 543px, 580px\" \/><\/figure>\n<\/div>\n\n\n<p><strong>For pneumatic-free gripping or fixing of flexible and porous workpieces made of materials such as:<\/strong><\/p>\n\n\n\n<ul class=\"wp-block-list\">\n<li>Cardboard<\/li>\n\n\n\n<li>Wood<\/li>\n\n\n\n<li>Films<\/li>\n<\/ul>\n\n\n\n<p><strong>Properties<\/strong><\/p>\n\n\n\n<ul class=\"wp-block-list\">\n<li>Active and rapid suction<\/li>\n\n\n\n<li>Integrated acceleration and vacuum sensors<\/li>\n\n\n\n<li>Automatic readjustment on vacuum drop<\/li>\n\n\n\n<li>Fail-safe principle: no release in the event of a power failure<\/li>\n\n\n\n<li>Status and diagnostic signals for predictive maintenance<\/li>\n\n\n\n<li>Quiet operation<\/li>\n\n\n\n<li>Use of all commercially available suction cups<\/li>\n\n\n\n<li>Compatible with all common fieldbus systems <br>(e.g., Profinet, IO-Link)<\/li>\n\n\n\n<li>Payload up to 15 kg<\/li>\n<\/ul>\n\n\n\n<div class=\"wp-block-columns is-layout-flex wp-container-core-columns-is-layout-9d6595d7 wp-block-columns-is-layout-flex\">\n<div class=\"wp-block-column is-layout-flow wp-block-column-is-layout-flow\" style=\"flex-basis:5%\">\n<figure class=\"wp-block-image size-full\"><img loading=\"lazy\" decoding=\"async\" width=\"30\" height=\"30\" src=\"https:\/\/nititec-gripper.de\/wp-content\/uploads\/2026\/03\/download.gif\" alt=\"\" class=\"wp-image-279\"\/><\/figure>\n<\/div>\n\n\n\n<div class=\"wp-block-column is-layout-flow wp-block-column-is-layout-flow\" style=\"flex-basis:95%\">\n<p><a href=\"http:\/\/nititec-gripper.de\/wp-content\/uploads\/2026\/03\/G-VAC-AS.pdf\" target=\"_blank\" rel=\"noreferrer noopener\">Download Flyer<\/a><\/p>\n<\/div>\n<\/div>","protected":false},"excerpt":{"rendered":"<p>Elektrische Vakuumgreifer f\u00fcr industrielle Automation Die aktuellen G-VAC Modelle decken unterschiedliche Materialanforderungen ab \u2013 von glatten Oberfl\u00e4chen bis zu flexiblen und por\u00f6sen Materialien. Alle Greifer arbeiten vollst\u00e4ndig ohne Druckluft. G-VAC PS F\u00fcr das pneumatikfreie Greifen oder Fixieren von festen und glatten Werkst\u00fccken, wie: Systemeigenschaften Download Flyer G-VAC AS F\u00fcr das pneumatikfreie Greifen oder Fixieren von &hellip; <\/p>\n<p class=\"link-more\"><a href=\"https:\/\/www.nititec-gripper.de\/en\/products\/\" class=\"more-link\">Continue reading<span class=\"screen-reader-text\"> &#8222;Produkte&#8220;<\/span><\/a><\/p>","protected":false},"author":1,"featured_media":561,"parent":0,"menu_order":0,"comment_status":"closed","ping_status":"closed","template":"","meta":{"content-type":"","om_disable_all_campaigns":false,"_monsterinsights_skip_tracking":false,"_monsterinsights_sitenote_active":false,"_monsterinsights_sitenote_note":"","_monsterinsights_sitenote_category":0,"footnotes":""},"class_list":["post-41","page","type-page","status-publish","has-post-thumbnail","hentry"],"aioseo_notices":[],"_links":{"self":[{"href":"https:\/\/www.nititec-gripper.de\/en\/wp-json\/wp\/v2\/pages\/41","targetHints":{"allow":["GET"]}}],"collection":[{"href":"https:\/\/www.nititec-gripper.de\/en\/wp-json\/wp\/v2\/pages"}],"about":[{"href":"https:\/\/www.nititec-gripper.de\/en\/wp-json\/wp\/v2\/types\/page"}],"author":[{"embeddable":true,"href":"https:\/\/www.nititec-gripper.de\/en\/wp-json\/wp\/v2\/users\/1"}],"replies":[{"embeddable":true,"href":"https:\/\/www.nititec-gripper.de\/en\/wp-json\/wp\/v2\/comments?post=41"}],"version-history":[{"count":24,"href":"https:\/\/www.nititec-gripper.de\/en\/wp-json\/wp\/v2\/pages\/41\/revisions"}],"predecessor-version":[{"id":653,"href":"https:\/\/www.nititec-gripper.de\/en\/wp-json\/wp\/v2\/pages\/41\/revisions\/653"}],"wp:featuredmedia":[{"embeddable":true,"href":"https:\/\/www.nititec-gripper.de\/en\/wp-json\/wp\/v2\/media\/561"}],"wp:attachment":[{"href":"https:\/\/www.nititec-gripper.de\/en\/wp-json\/wp\/v2\/media?parent=41"}],"curies":[{"name":"wp","href":"https:\/\/api.w.org\/{rel}","templated":true}]}}