{"id":22,"date":"2026-03-16T13:57:04","date_gmt":"2026-03-16T13:57:04","guid":{"rendered":"https:\/\/nititec-gripper.de\/?page_id=22"},"modified":"2026-04-16T11:54:19","modified_gmt":"2026-04-16T09:54:19","slug":"company","status":"publish","type":"page","link":"https:\/\/www.nititec-gripper.de\/en\/company\/","title":{"rendered":"Company"},"content":{"rendered":"<h1 class=\"wp-block-heading\">Technology from Research and Development<\/h1>\n\n\n\n<p>nititec vacuum gripper GmbH develops electric gripping systems based on smart materials.<\/p>\n\n\n\n<p>The foundation for this technology stems from over 15 years of research at the Intelligent Material Systems Lab at the University of Saarbr\u00fccken.<\/p>\n\n\n\n<p>More than 100 research and development projects form the basis for the development of the electric vacuum gripper.<\/p>\n\n\n\n<p><strong>Our goal is to create a new generation of electric gripping systems for industrial automation.<\/strong><\/p>\n\n\n\n<p><\/p>","protected":false},"excerpt":{"rendered":"<p>Technologie aus Forschung und Entwicklung Die nititec vacuum gripper GmbH entwickelt elektrische Greifsysteme auf Basis von intelligenten Materialien. Die Grundlagen entstand aus \u00fcber 15 Jahren Forschung am Intelligent Material Systems Lab der Universit\u00e4t Saarbr\u00fccken. Mehr als 100 Forschungs- und Entwicklungsprojekte bilden die Basis f\u00fcr die Entwicklung des elektrischen Vakuumgreifers Unser Ziel ist eine neue Generation &hellip; <\/p>\n<p class=\"link-more\"><a href=\"https:\/\/www.nititec-gripper.de\/en\/company\/\" class=\"more-link\">Continue reading<span class=\"screen-reader-text\"> &#8222;Unternehmen&#8220;<\/span><\/a><\/p>","protected":false},"author":1,"featured_media":586,"parent":0,"menu_order":0,"comment_status":"closed","ping_status":"closed","template":"","meta":{"content-type":"","om_disable_all_campaigns":false,"_monsterinsights_skip_tracking":false,"_monsterinsights_sitenote_active":false,"_monsterinsights_sitenote_note":"","_monsterinsights_sitenote_category":0,"footnotes":""},"class_list":["post-22","page","type-page","status-publish","has-post-thumbnail","hentry"],"aioseo_notices":[],"_links":{"self":[{"href":"https:\/\/www.nititec-gripper.de\/en\/wp-json\/wp\/v2\/pages\/22","targetHints":{"allow":["GET"]}}],"collection":[{"href":"https:\/\/www.nititec-gripper.de\/en\/wp-json\/wp\/v2\/pages"}],"about":[{"href":"https:\/\/www.nititec-gripper.de\/en\/wp-json\/wp\/v2\/types\/page"}],"author":[{"embeddable":true,"href":"https:\/\/www.nititec-gripper.de\/en\/wp-json\/wp\/v2\/users\/1"}],"replies":[{"embeddable":true,"href":"https:\/\/www.nititec-gripper.de\/en\/wp-json\/wp\/v2\/comments?post=22"}],"version-history":[{"count":10,"href":"https:\/\/www.nititec-gripper.de\/en\/wp-json\/wp\/v2\/pages\/22\/revisions"}],"predecessor-version":[{"id":484,"href":"https:\/\/www.nititec-gripper.de\/en\/wp-json\/wp\/v2\/pages\/22\/revisions\/484"}],"wp:featuredmedia":[{"embeddable":true,"href":"https:\/\/www.nititec-gripper.de\/en\/wp-json\/wp\/v2\/media\/586"}],"wp:attachment":[{"href":"https:\/\/www.nititec-gripper.de\/en\/wp-json\/wp\/v2\/media?parent=22"}],"curies":[{"name":"wp","href":"https:\/\/api.w.org\/{rel}","templated":true}]}}